{"id":432,"date":"2026-04-29T16:41:56","date_gmt":"2026-04-29T16:41:56","guid":{"rendered":"https:\/\/gaemag.justeau.net\/?page_id=432"},"modified":"2026-04-29T19:09:41","modified_gmt":"2026-04-29T19:09:41","slug":"a-la-une","status":"publish","type":"page","link":"https:\/\/gaemag.justeau.net\/index.php\/a-la-une\/","title":{"rendered":"A la une"},"content":{"rendered":"\n<h2 class=\"wp-block-heading has-text-align-center\">Les nouveaut\u00e9s<\/h2>\n\n\n\n<div class=\"wp-block-columns is-layout-flex wp-container-core-columns-is-layout-28f84493 wp-block-columns-is-layout-flex\">\n<div class=\"wp-block-column is-layout-flow wp-block-column-is-layout-flow\">\n<figure class=\"wp-block-image size-large is-resized has-custom-border\"><img fetchpriority=\"high\" decoding=\"async\" width=\"1024\" height=\"768\" src=\"http:\/\/gaemag.justeau.net\/wp-content\/uploads\/2026\/03\/649534533_122221382606317074_6638130753558852967_n-1-1024x768.jpg\" alt=\"\" class=\"has-border-color wp-image-230\" style=\"border-color:#413228;border-width:6px;aspect-ratio:4\/3;object-fit:cover;width:auto;height:250px\" srcset=\"https:\/\/gaemag.justeau.net\/wp-content\/uploads\/2026\/03\/649534533_122221382606317074_6638130753558852967_n-1-1024x768.jpg 1024w, https:\/\/gaemag.justeau.net\/wp-content\/uploads\/2026\/03\/649534533_122221382606317074_6638130753558852967_n-1-300x225.jpg 300w, https:\/\/gaemag.justeau.net\/wp-content\/uploads\/2026\/03\/649534533_122221382606317074_6638130753558852967_n-1-768x576.jpg 768w, https:\/\/gaemag.justeau.net\/wp-content\/uploads\/2026\/03\/649534533_122221382606317074_6638130753558852967_n-1-1536x1152.jpg 1536w, https:\/\/gaemag.justeau.net\/wp-content\/uploads\/2026\/03\/649534533_122221382606317074_6638130753558852967_n-1-600x450.jpg 600w, https:\/\/gaemag.justeau.net\/wp-content\/uploads\/2026\/03\/649534533_122221382606317074_6638130753558852967_n-1.jpg 2048w\" sizes=\"(max-width: 1024px) 100vw, 1024px\" \/><\/figure>\n<\/div>\n\n\n\n<div class=\"wp-block-column is-layout-flow wp-block-column-is-layout-flow\">\n<p>Derni\u00e8re cr\u00e9ation en date !! Une enveloppe en bois pour un cadeau personnalis\u00e9.<\/p>\n<\/div>\n<\/div>\n","protected":false},"excerpt":{"rendered":"<p>Les nouveaut\u00e9s Derni\u00e8re cr\u00e9ation en date !! Une enveloppe en bois pour un cadeau personnalis\u00e9.<\/p>\n","protected":false},"author":1,"featured_media":0,"parent":0,"menu_order":0,"comment_status":"closed","ping_status":"closed","template":"","meta":{"site-sidebar-layout":"default","site-content-layout":"","ast-site-content-layout":"default","site-content-style":"default","site-sidebar-style":"default","ast-global-header-display":"","ast-banner-title-visibility":"","ast-main-header-display":"","ast-hfb-above-header-display":"","ast-hfb-below-header-display":"","ast-hfb-mobile-header-display":"","site-post-title":"disabled","ast-breadcrumbs-content":"","ast-featured-img":"","footer-sml-layout":"","ast-disable-related-posts":"","theme-transparent-header-meta":"","adv-header-id-meta":"","stick-header-meta":"","header-above-stick-meta":"","header-main-stick-meta":"","header-below-stick-meta":"","astra-migrate-meta-layouts":"default","ast-page-background-enabled":"default","ast-page-background-meta":{"desktop":{"background-color":"var(--ast-global-color-5)","background-image":"","background-repeat":"repeat","background-position":"center center","background-size":"auto","background-attachment":"scroll","background-type":"","background-media":"","overlay-type":"","overlay-color":"","overlay-opacity":"","overlay-gradient":""},"tablet":{"background-color":"","background-image":"","background-repeat":"repeat","background-position":"center center","background-size":"auto","background-attachment":"scroll","background-type":"","background-media":"","overlay-type":"","overlay-color":"","overlay-opacity":"","overlay-gradient":""},"mobile":{"background-color":"","background-image":"","background-repeat":"repeat","background-position":"center center","background-size":"auto","background-attachment":"scroll","background-type":"","background-media":"","overlay-type":"","overlay-color":"","overlay-opacity":"","overlay-gradient":""}},"ast-content-background-meta":{"desktop":{"background-color":"var(--ast-global-color-4)","background-image":"","background-repeat":"repeat","background-position":"center center","background-size":"auto","background-attachment":"scroll","background-type":"","background-media":"","overlay-type":"","overlay-color":"","overlay-opacity":"","overlay-gradient":""},"tablet":{"background-color":"var(--ast-global-color-4)","background-image":"","background-repeat":"repeat","background-position":"center center","background-size":"auto","background-attachment":"scroll","background-type":"","background-media":"","overlay-type":"","overlay-color":"","overlay-opacity":"","overlay-gradient":""},"mobile":{"background-color":"var(--ast-global-color-4)","background-image":"","background-repeat":"repeat","background-position":"center center","background-size":"auto","background-attachment":"scroll","background-type":"","background-media":"","overlay-type":"","overlay-color":"","overlay-opacity":"","overlay-gradient":""}},"footnotes":""},"class_list":["post-432","page","type-page","status-publish","hentry"],"jetpack_sharing_enabled":true,"_links":{"self":[{"href":"https:\/\/gaemag.justeau.net\/index.php\/wp-json\/wp\/v2\/pages\/432","targetHints":{"allow":["GET"]}}],"collection":[{"href":"https:\/\/gaemag.justeau.net\/index.php\/wp-json\/wp\/v2\/pages"}],"about":[{"href":"https:\/\/gaemag.justeau.net\/index.php\/wp-json\/wp\/v2\/types\/page"}],"author":[{"embeddable":true,"href":"https:\/\/gaemag.justeau.net\/index.php\/wp-json\/wp\/v2\/users\/1"}],"replies":[{"embeddable":true,"href":"https:\/\/gaemag.justeau.net\/index.php\/wp-json\/wp\/v2\/comments?post=432"}],"version-history":[{"count":7,"href":"https:\/\/gaemag.justeau.net\/index.php\/wp-json\/wp\/v2\/pages\/432\/revisions"}],"predecessor-version":[{"id":459,"href":"https:\/\/gaemag.justeau.net\/index.php\/wp-json\/wp\/v2\/pages\/432\/revisions\/459"}],"wp:attachment":[{"href":"https:\/\/gaemag.justeau.net\/index.php\/wp-json\/wp\/v2\/media?parent=432"}],"curies":[{"name":"wp","href":"https:\/\/api.w.org\/{rel}","templated":true}]}}