{"id":321,"date":"2026-04-28T05:34:06","date_gmt":"2026-04-28T05:34:06","guid":{"rendered":"https:\/\/gaemag.justeau.net\/?page_id=321"},"modified":"2026-04-29T19:55:43","modified_gmt":"2026-04-29T19:55:43","slug":"presentation","status":"publish","type":"page","link":"https:\/\/gaemag.justeau.net\/","title":{"rendered":"Pr\u00e9sentation"},"content":{"rendered":"\n<p><\/p>\n\n\n\n<div class=\"wp-block-columns is-layout-flex wp-container-core-columns-is-layout-28f84493 wp-block-columns-is-layout-flex\">\n<div class=\"wp-block-column is-layout-flow wp-block-column-is-layout-flow\" style=\"flex-basis:66.66%\">\n<p style=\"font-size:30px\">Nous sommes Ga\u00eblle et Magali et vous souhaitons la bienvenue dans notre univers !<\/p>\n\n\n\n<p style=\"font-size:30px\">Sp\u00e9cialistes de la personnalisation par sublimation et gravure, nous transformons vos objets en cr\u00e9ations durables, \u00e9l\u00e9gantes et uniques. Pour vos \u00e9v\u00e9nements, vos entreprises ou vos cadeaux personnels : ensemble, cr\u00e9ons l&rsquo;objet qui fera la diff\u00e9rence.<\/p>\n<\/div>\n\n\n\n<div class=\"wp-block-column is-layout-flow wp-block-column-is-layout-flow\" style=\"flex-basis:33.33%\">\n<figure class=\"wp-block-gallery has-nested-images columns-default is-cropped wp-block-gallery-1 is-layout-flex wp-block-gallery-is-layout-flex\">\n<figure class=\"wp-block-image size-large has-custom-border is-style-default\"><img fetchpriority=\"high\" decoding=\"async\" width=\"1024\" height=\"768\" data-id=\"187\" src=\"http:\/\/gaemag.justeau.net\/wp-content\/uploads\/2026\/03\/612741378_122214680954317074_6408712186612778655_n-1024x768.jpg\" alt=\"\" class=\"has-border-color wp-image-187\" style=\"border-color:#413228;border-width:6px\" srcset=\"https:\/\/gaemag.justeau.net\/wp-content\/uploads\/2026\/03\/612741378_122214680954317074_6408712186612778655_n-1024x768.jpg 1024w, https:\/\/gaemag.justeau.net\/wp-content\/uploads\/2026\/03\/612741378_122214680954317074_6408712186612778655_n-300x225.jpg 300w, https:\/\/gaemag.justeau.net\/wp-content\/uploads\/2026\/03\/612741378_122214680954317074_6408712186612778655_n-768x576.jpg 768w, https:\/\/gaemag.justeau.net\/wp-content\/uploads\/2026\/03\/612741378_122214680954317074_6408712186612778655_n-1536x1152.jpg 1536w, https:\/\/gaemag.justeau.net\/wp-content\/uploads\/2026\/03\/612741378_122214680954317074_6408712186612778655_n-600x450.jpg 600w, https:\/\/gaemag.justeau.net\/wp-content\/uploads\/2026\/03\/612741378_122214680954317074_6408712186612778655_n.jpg 2048w\" sizes=\"(max-width: 1024px) 100vw, 1024px\" \/><\/figure>\n<\/figure>\n<\/div>\n<\/div>\n\n\n\n<div class=\"wp-block-columns is-layout-flex wp-container-core-columns-is-layout-28f84493 wp-block-columns-is-layout-flex\">\n<div class=\"wp-block-column is-layout-flow wp-block-column-is-layout-flow\">\n<p><\/p>\n<\/div>\n<\/div>\n","protected":false},"excerpt":{"rendered":"<p>Nous sommes Ga\u00eblle et Magali et vous souhaitons la bienvenue dans notre univers ! Sp\u00e9cialistes de la personnalisation par sublimation [&hellip;]<\/p>\n","protected":false},"author":1,"featured_media":0,"parent":0,"menu_order":0,"comment_status":"closed","ping_status":"closed","template":"","meta":{"site-sidebar-layout":"default","site-content-layout":"","ast-site-content-layout":"default","site-content-style":"default","site-sidebar-style":"default","ast-global-header-display":"","ast-banner-title-visibility":"","ast-main-header-display":"","ast-hfb-above-header-display":"","ast-hfb-below-header-display":"","ast-hfb-mobile-header-display":"","site-post-title":"disabled","ast-breadcrumbs-content":"","ast-featured-img":"","footer-sml-layout":"","ast-disable-related-posts":"","theme-transparent-header-meta":"","adv-header-id-meta":"","stick-header-meta":"","header-above-stick-meta":"","header-main-stick-meta":"","header-below-stick-meta":"","astra-migrate-meta-layouts":"default","ast-page-background-enabled":"default","ast-page-background-meta":{"desktop":{"background-color":"var(--ast-global-color-5)","background-image":"","background-repeat":"repeat","background-position":"center center","background-size":"auto","background-attachment":"scroll","background-type":"","background-media":"","overlay-type":"","overlay-color":"","overlay-opacity":"","overlay-gradient":""},"tablet":{"background-color":"","background-image":"","background-repeat":"repeat","background-position":"center center","background-size":"auto","background-attachment":"scroll","background-type":"","background-media":"","overlay-type":"","overlay-color":"","overlay-opacity":"","overlay-gradient":""},"mobile":{"background-color":"","background-image":"","background-repeat":"repeat","background-position":"center center","background-size":"auto","background-attachment":"scroll","background-type":"","background-media":"","overlay-type":"","overlay-color":"","overlay-opacity":"","overlay-gradient":""}},"ast-content-background-meta":{"desktop":{"background-color":"var(--ast-global-color-4)","background-image":"","background-repeat":"repeat","background-position":"center center","background-size":"auto","background-attachment":"scroll","background-type":"","background-media":"","overlay-type":"","overlay-color":"","overlay-opacity":"","overlay-gradient":""},"tablet":{"background-color":"var(--ast-global-color-4)","background-image":"","background-repeat":"repeat","background-position":"center center","background-size":"auto","background-attachment":"scroll","background-type":"","background-media":"","overlay-type":"","overlay-color":"","overlay-opacity":"","overlay-gradient":""},"mobile":{"background-color":"var(--ast-global-color-4)","background-image":"","background-repeat":"repeat","background-position":"center center","background-size":"auto","background-attachment":"scroll","background-type":"","background-media":"","overlay-type":"","overlay-color":"","overlay-opacity":"","overlay-gradient":""}},"footnotes":""},"class_list":["post-321","page","type-page","status-publish","hentry"],"jetpack_sharing_enabled":true,"_links":{"self":[{"href":"https:\/\/gaemag.justeau.net\/index.php\/wp-json\/wp\/v2\/pages\/321","targetHints":{"allow":["GET"]}}],"collection":[{"href":"https:\/\/gaemag.justeau.net\/index.php\/wp-json\/wp\/v2\/pages"}],"about":[{"href":"https:\/\/gaemag.justeau.net\/index.php\/wp-json\/wp\/v2\/types\/page"}],"author":[{"embeddable":true,"href":"https:\/\/gaemag.justeau.net\/index.php\/wp-json\/wp\/v2\/users\/1"}],"replies":[{"embeddable":true,"href":"https:\/\/gaemag.justeau.net\/index.php\/wp-json\/wp\/v2\/comments?post=321"}],"version-history":[{"count":16,"href":"https:\/\/gaemag.justeau.net\/index.php\/wp-json\/wp\/v2\/pages\/321\/revisions"}],"predecessor-version":[{"id":476,"href":"https:\/\/gaemag.justeau.net\/index.php\/wp-json\/wp\/v2\/pages\/321\/revisions\/476"}],"wp:attachment":[{"href":"https:\/\/gaemag.justeau.net\/index.php\/wp-json\/wp\/v2\/media?parent=321"}],"curies":[{"name":"wp","href":"https:\/\/api.w.org\/{rel}","templated":true}]}}